{"id":12934,"date":"2016-04-20T15:25:40","date_gmt":"2016-04-20T15:25:40","guid":{"rendered":"https:\/\/www.apartamentspastoret.com\/vilallonga-de-ter-2\/"},"modified":"2022-04-27T07:20:16","modified_gmt":"2022-04-27T07:20:16","slug":"vilallonga-de-ter","status":"publish","type":"page","link":"https:\/\/www.apartamentspastoret.com\/es\/vilallonga-de-ter\/","title":{"rendered":"Vilallonga de Ter"},"content":{"rendered":"<p><div class=\"fusion-fullwidth fullwidth-box fusion-builder-row-1 fusion-flex-container nonhundred-percent-fullwidth non-hundred-percent-height-scrolling\" style=\"--awb-background-position:left top;--awb-border-sizes-top:0px;--awb-border-sizes-bottom:0px;--awb-border-sizes-left:0px;--awb-border-sizes-right:0px;--awb-border-radius-top-left:0px;--awb-border-radius-top-right:0px;--awb-border-radius-bottom-right:0px;--awb-border-radius-bottom-left:0px;--awb-padding-top:40px;--awb-padding-right:5%;--awb-padding-bottom:20px;--awb-padding-left:5%;--awb-background-color:#dbd2c0;--awb-flex-wrap:wrap;\" ><div class=\"fusion-builder-row fusion-row fusion-flex-align-items-flex-start fusion-flex-content-wrap\" style=\"max-width:1144px;margin-left: calc(-4% \/ 2 );margin-right: calc(-4% \/ 2 );\"><div class=\"fusion-layout-column fusion_builder_column fusion-builder-column-0 fusion_builder_column_1_1 1_1 fusion-flex-column fusion-flex-align-self-flex-start fusion-column-no-min-height\" style=\"--awb-bg-size:cover;--awb-width-large:100%;--awb-margin-top-large:0px;--awb-spacing-right-large:1.92%;--awb-margin-bottom-large:0px;--awb-spacing-left-large:1.92%;--awb-width-medium:100%;--awb-spacing-right-medium:1.92%;--awb-spacing-left-medium:1.92%;--awb-width-small:100%;--awb-spacing-right-small:1.92%;--awb-spacing-left-small:1.92%;\"><div class=\"fusion-column-wrapper fusion-flex-justify-content-flex-start fusion-content-layout-column\"><div class=\"fusion-text fusion-text-1\" style=\"--awb-content-alignment:center;--awb-font-size:30px;\"><p><strong>Vilallonga de Ter: El para\u00edso de los cazadores de setas<\/strong><\/p>\n<\/div><\/div><\/div><div class=\"fusion-layout-column fusion_builder_column fusion-builder-column-1 fusion_builder_column_1_2 1_2 fusion-flex-column\" style=\"--awb-bg-size:cover;--awb-width-large:50%;--awb-margin-top-large:0px;--awb-spacing-right-large:3.84%;--awb-margin-bottom-large:20px;--awb-spacing-left-large:3.84%;--awb-width-medium:50%;--awb-spacing-right-medium:3.84%;--awb-spacing-left-medium:3.84%;--awb-width-small:100%;--awb-spacing-right-small:1.92%;--awb-spacing-left-small:1.92%;\"><div class=\"fusion-column-wrapper fusion-flex-justify-content-flex-start fusion-content-layout-column\"><div class=\"fusion-text fusion-text-2\"><div class=\"title\">\n<p><span style=\"color: #000000;\"><strong>Vilallonga de Ter<\/strong> ofrece una gran belleza paisaj\u00edstica con una vegetaci\u00f3n que refleja una inmensa variedad crom\u00e1tica en oto\u00f1o, la plasmaci\u00f3n de los diferentes tonos verdosos en primavera y verano y, como no, el blanco deslumbrante de invierno, que deja blanco el paisaje del Valle.<\/span><\/p>\n<p><span style=\"color: #000000;\">Para el turismo tranquilo tiene unos buenos aditivos, como son los paseos a las fuentes (Blanca y Negra), disfrutando de sus frescas aguas. El camino de las yeguas, recuperado para ir de Villalonga a La Roca sin pasar por la transitada carretera y el camino viejo de Abella son unas fant\u00e1sticas paseadas para tener una buena vista de todo el valle.<\/span><\/p>\n<\/div>\n<\/div><\/div><\/div><div class=\"fusion-layout-column fusion_builder_column fusion-builder-column-2 fusion_builder_column_1_2 1_2 fusion-flex-column\" style=\"--awb-bg-size:cover;--awb-width-large:50%;--awb-margin-top-large:0px;--awb-spacing-right-large:3.84%;--awb-margin-bottom-large:20px;--awb-spacing-left-large:3.84%;--awb-width-medium:50%;--awb-spacing-right-medium:3.84%;--awb-spacing-left-medium:3.84%;--awb-width-small:100%;--awb-spacing-right-small:1.92%;--awb-spacing-left-small:1.92%;\"><div class=\"fusion-column-wrapper fusion-flex-justify-content-flex-start fusion-content-layout-column\"><div class=\"fusion-text fusion-text-3\"><div class=\"title\"><span style=\"color: #000000;\">Estamos a un paso de la estaci\u00f3n de <span style=\"color: #0000ff;\"><strong><a style=\"color: #0000ff;\" href=\"http:\/\/www.vallter2000.cat\" target=\"_blank\" rel=\"noopener\">Esqu\u00ed Vallter 2000<\/a><\/strong><\/span> por los amantes de este deporte de invierno y los de verano para hacer excursiones de alta monta\u00f1a.<\/span><br \/>\n<span style=\"color: #000000;\"> Tenemos una amplia oferta de deportes: campo de f\u00fatbol, piscina, pista polideportiva (baloncesto, tenis, f\u00fatbol sala), parapente (Tregur\u00e0), Pesca, Caza y Montar a Caballo (Abeja).<\/span><\/div>\n<\/div><div class=\"fusion-text fusion-text-4\"><h3><span style=\"color: #000000;\"><strong>Visitas de inter\u00e9s:<\/strong><\/span><\/h3>\n<p><span style=\"color: #000000;\">&#8211; <span style=\"color: #0000ff;\"><a style=\"color: #0000ff;\" href=\"http:\/\/www.360fotoweb.com\/360\/mancomunitat\/vilallonga\/\" target=\"_blank\" rel=\"noopener\">Iglesia de Sant Mart\u00ed de Vilallonga<\/a><\/span><\/span><br \/>\n<span style=\"color: #000000;\"> &#8211; Tregur\u00e0<\/span><br \/>\n<span style=\"color: #000000;\"> &#8211; La Roca<\/span><br \/>\n<span style=\"color: #000000;\"> &#8211; Abella<\/span><\/p>\n<\/div><\/div><\/div><\/div><\/div><div class=\"fusion-fullwidth fullwidth-box fusion-builder-row-2 fusion-flex-container hundred-percent-fullwidth non-hundred-percent-height-scrolling\" style=\"--awb-border-radius-top-left:0px;--awb-border-radius-top-right:0px;--awb-border-radius-bottom-right:0px;--awb-border-radius-bottom-left:0px;--awb-overflow:visible;--awb-padding-right:5%;--awb-padding-left:5%;--awb-flex-wrap:wrap;\" ><div class=\"fusion-builder-row fusion-row fusion-flex-align-items-flex-start fusion-flex-content-wrap\" style=\"width:104% !important;max-width:104% !important;margin-left: calc(-4% \/ 2 );margin-right: calc(-4% \/ 2 );\"><div class=\"fusion-layout-column fusion_builder_column fusion-builder-column-3 fusion_builder_column_1_1 1_1 fusion-flex-column fusion-flex-align-self-flex-start fusion-column-no-min-height\" style=\"--awb-bg-size:cover;--awb-width-large:100%;--awb-margin-top-large:0px;--awb-spacing-right-large:1.92%;--awb-margin-bottom-large:0px;--awb-spacing-left-large:1.92%;--awb-width-medium:100%;--awb-spacing-right-medium:1.92%;--awb-spacing-left-medium:1.92%;--awb-width-small:100%;--awb-spacing-right-small:1.92%;--awb-spacing-left-small:1.92%;\"><div class=\"fusion-column-wrapper fusion-flex-justify-content-flex-start fusion-content-layout-column\"><div class=\"fusion-section-separator section-separator triangle fusion-section-separator-1\" style=\"--awb-border-bottom:1px solid #dbd2c0;--awb-spacer-height:1px;--awb-svg-margin-left:1.92%;--awb-svg-margin-right:1.92%;--awb-svg-margin-left-medium:1.92%;--awb-svg-margin-right-medium:1.92%;--awb-svg-margin-left-small:1.92%;--awb-svg-margin-right-small:1.92%;--awb-icon-color:#ffffff;\"><div class=\"fusion-section-separator-svg\"><div class=\"divider-candy-arrow bottom\" style=\"top:0px;border-top-color: #dbd2c0;\"><\/div><div class=\"divider-candy bottom\" style=\"bottom:-21px;border-bottom:1px solid #dbd2c0;border-left:1px solid #dbd2c0;\"><\/div><\/div><div class=\"fusion-section-separator-spacer\"><div class=\"fusion-section-separator-spacer-height\"><\/div><\/div><\/div><\/div><\/div><\/div><\/div><div class=\"fusion-fullwidth fullwidth-box fusion-builder-row-3 fusion-flex-container fusion-parallax-fixed nonhundred-percent-fullwidth non-hundred-percent-height-scrolling\" style=\"--awb-background-position:center bottom;--awb-border-sizes-top:0px;--awb-border-sizes-bottom:0px;--awb-border-sizes-left:0px;--awb-border-sizes-right:0px;--awb-border-radius-top-left:0px;--awb-border-radius-top-right:0px;--awb-border-radius-bottom-right:0px;--awb-border-radius-bottom-left:0px;--awb-padding-top:80px;--awb-padding-right:5%;--awb-padding-bottom:250px;--awb-padding-left:5%;--awb-background-image:url(&quot;https:\/\/www.apartamentspastoret.com\/wp-content\/uploads\/2016\/04\/tres-072.jpg&quot;);--awb-background-size:cover;--awb-flex-wrap:wrap;background-attachment:fixed;\" ><div class=\"fusion-builder-row fusion-row fusion-flex-align-items-flex-start fusion-flex-content-wrap\" style=\"max-width:1144px;margin-left: calc(-4% \/ 2 );margin-right: calc(-4% \/ 2 );\"><div class=\"fusion-layout-column fusion_builder_column fusion-builder-column-4 fusion_builder_column_1_1 1_1 fusion-flex-column fusion-flex-align-self-flex-start fusion-column-no-min-height\" style=\"--awb-bg-size:cover;--awb-width-large:100%;--awb-margin-top-large:0px;--awb-spacing-right-large:1.92%;--awb-margin-bottom-large:0px;--awb-spacing-left-large:1.92%;--awb-width-medium:100%;--awb-spacing-right-medium:1.92%;--awb-spacing-left-medium:1.92%;--awb-width-small:100%;--awb-spacing-right-small:1.92%;--awb-spacing-left-small:1.92%;\"><div class=\"fusion-column-wrapper fusion-flex-justify-content-flex-start fusion-content-layout-column\"><div class=\"fusion-image-carousel fusion-image-carousel-auto fusion-image-carousel-1 lightbox-enabled\"><div class=\"awb-carousel awb-swiper awb-swiper-carousel awb-carousel--carousel awb-swiper-dots-position-bottom\" data-layout=\"carousel\" data-autoplay=\"no\" data-autoplayspeed=\"2500\" data-autoplaypause=\"no\" data-loop=\"yes\" data-columns=\"4\" data-columnsmedium=\"1\" data-columnssmall=\"1\" data-itemmargin=\"10\" data-itemwidth=\"180\" data-touchscroll=\"no\" data-freemode=\"no\" data-imagesize=\"auto\" data-scrollitems=\"0\" data-centeredslides=\"no\" data-rotationangle=\"50\" data-depth=\"100\" data-speed=\"500\" data-shadow=\"no\" data-pagination=\"bullets\" style=\"--awb-columns:4;--awb-column-spacing:10px;\"><div class=\"swiper-wrapper awb-image-carousel-wrapper fusion-flex-align-items-center\"><div class=\"swiper-slide\"><div class=\"fusion-carousel-item-wrapper\"><div class=\"fusion-image-wrapper hover-type-none\"><a data-rel=\"iLightbox[image_carousel_1]\" data-title=\"LAROCA\" aria-label=\"LAROCA\" href=\"https:\/\/www.apartamentspastoret.com\/wp-content\/uploads\/2016\/04\/LAROCA.jpg\" target=\"_self\"><img decoding=\"async\" width=\"1000\" height=\"667\" src=\"https:\/\/www.apartamentspastoret.com\/wp-content\/uploads\/2016\/04\/LAROCA.jpg\" class=\"attachment-full size-full\" alt=\"\" \/><\/a><\/div><\/div><\/div><div class=\"swiper-slide\"><div class=\"fusion-carousel-item-wrapper\"><div class=\"fusion-image-wrapper hover-type-none\"><a data-rel=\"iLightbox[image_carousel_1]\" data-title=\"013\" aria-label=\"013\" href=\"https:\/\/www.apartamentspastoret.com\/wp-content\/uploads\/2016\/04\/013.jpg\" target=\"_self\"><img decoding=\"async\" width=\"1000\" height=\"667\" src=\"https:\/\/www.apartamentspastoret.com\/wp-content\/uploads\/2016\/04\/013.jpg\" class=\"attachment-full size-full\" alt=\"\" \/><\/a><\/div><\/div><\/div><div class=\"swiper-slide\"><div class=\"fusion-carousel-item-wrapper\"><div class=\"fusion-image-wrapper hover-type-none\"><a data-rel=\"iLightbox[image_carousel_1]\" data-title=\"006\" aria-label=\"006\" href=\"https:\/\/www.apartamentspastoret.com\/wp-content\/uploads\/2016\/04\/006.jpg\" target=\"_self\"><img decoding=\"async\" width=\"1000\" height=\"667\" src=\"https:\/\/www.apartamentspastoret.com\/wp-content\/uploads\/2016\/04\/006.jpg\" class=\"attachment-full size-full\" alt=\"\" \/><\/a><\/div><\/div><\/div><div class=\"swiper-slide\"><div class=\"fusion-carousel-item-wrapper\"><div class=\"fusion-image-wrapper hover-type-none\"><a data-rel=\"iLightbox[image_carousel_1]\" data-title=\"005\" aria-label=\"005\" href=\"https:\/\/www.apartamentspastoret.com\/wp-content\/uploads\/2016\/04\/005.jpg\" target=\"_self\"><img decoding=\"async\" width=\"1000\" height=\"667\" src=\"https:\/\/www.apartamentspastoret.com\/wp-content\/uploads\/2016\/04\/005.jpg\" class=\"attachment-full size-full\" alt=\"\" \/><\/a><\/div><\/div><\/div><div class=\"swiper-slide\"><div class=\"fusion-carousel-item-wrapper\"><div class=\"fusion-image-wrapper hover-type-none\"><a data-rel=\"iLightbox[image_carousel_1]\" data-title=\"002\" aria-label=\"002\" href=\"https:\/\/www.apartamentspastoret.com\/wp-content\/uploads\/2016\/04\/002.jpg\" target=\"_self\"><img decoding=\"async\" width=\"1000\" height=\"667\" src=\"https:\/\/www.apartamentspastoret.com\/wp-content\/uploads\/2016\/04\/002.jpg\" class=\"attachment-full size-full\" alt=\"\" \/><\/a><\/div><\/div><\/div><div class=\"swiper-slide\"><div class=\"fusion-carousel-item-wrapper\"><div class=\"fusion-image-wrapper hover-type-none\"><a data-rel=\"iLightbox[image_carousel_1]\" data-title=\"VALLTER-2000\" aria-label=\"VALLTER-2000\" href=\"https:\/\/www.apartamentspastoret.com\/wp-content\/uploads\/2016\/04\/VALLTER-2000.jpg\" target=\"_self\"><img decoding=\"async\" width=\"1000\" height=\"667\" src=\"https:\/\/www.apartamentspastoret.com\/wp-content\/uploads\/2016\/04\/VALLTER-2000.jpg\" class=\"attachment-full size-full\" alt=\"\" \/><\/a><\/div><\/div><\/div><\/div><div class=\"awb-swiper-button awb-swiper-button-prev\"><i class=\"awb-icon-angle-left\" aria-hidden=\"true\"><\/i><\/div><div class=\"awb-swiper-button awb-swiper-button-next\"><i class=\"awb-icon-angle-right\" aria-hidden=\"true\"><\/i><\/div><\/div><\/div><div class=\"fusion-text fusion-text-5\"><h1 style=\"font-size: 40px; text-align: center;\"><span style=\"color: #ffffff;\">\u201cVILALLONGA HECHIZA, VILALLONGA ENAMORA<br \/>\nQUIEN UNA VEZ LA DIVISA, SIEMPRE M\u00c1S LA LLORA\u201d<\/span><\/h1>\n<\/div><\/div><\/div><\/div><\/div><\/p>\n","protected":false},"excerpt":{"rendered":"","protected":false},"author":5,"featured_media":0,"parent":0,"menu_order":0,"comment_status":"open","ping_status":"closed","template":"100-width.php","meta":{"footnotes":""},"class_list":["post-12934","page","type-page","status-publish","hentry"],"_links":{"self":[{"href":"https:\/\/www.apartamentspastoret.com\/es\/wp-json\/wp\/v2\/pages\/12934","targetHints":{"allow":["GET"]}}],"collection":[{"href":"https:\/\/www.apartamentspastoret.com\/es\/wp-json\/wp\/v2\/pages"}],"about":[{"href":"https:\/\/www.apartamentspastoret.com\/es\/wp-json\/wp\/v2\/types\/page"}],"author":[{"embeddable":true,"href":"https:\/\/www.apartamentspastoret.com\/es\/wp-json\/wp\/v2\/users\/5"}],"replies":[{"embeddable":true,"href":"https:\/\/www.apartamentspastoret.com\/es\/wp-json\/wp\/v2\/comments?post=12934"}],"version-history":[{"count":8,"href":"https:\/\/www.apartamentspastoret.com\/es\/wp-json\/wp\/v2\/pages\/12934\/revisions"}],"predecessor-version":[{"id":13206,"href":"https:\/\/www.apartamentspastoret.com\/es\/wp-json\/wp\/v2\/pages\/12934\/revisions\/13206"}],"wp:attachment":[{"href":"https:\/\/www.apartamentspastoret.com\/es\/wp-json\/wp\/v2\/media?parent=12934"}],"curies":[{"name":"wp","href":"https:\/\/api.w.org\/{rel}","templated":true}]}}